{"id":1169,"date":"2019-01-02T10:36:58","date_gmt":"2019-01-02T09:36:58","guid":{"rendered":"http:\/\/cloud.logicode.it\/?page_id=1169"},"modified":"2024-09-10T15:48:47","modified_gmt":"2024-09-10T13:48:47","slug":"prodotti","status":"publish","type":"page","link":"https:\/\/www.datiincloud.it\/?page_id=1169","title":{"rendered":"EasyFiscal"},"content":{"rendered":"\t\t<div data-elementor-type=\"wp-post\" data-elementor-id=\"1169\" class=\"elementor elementor-1169\" data-elementor-post-type=\"page\">\n\t\t\t\t\t\t<section class=\"elementor-section elementor-top-section elementor-element elementor-element-4ad9b24 elementor-section-boxed elementor-section-height-default elementor-section-height-default\" data-id=\"4ad9b24\" data-element_type=\"section\" data-e-type=\"section\">\n\t\t\t\t\t\t<div class=\"elementor-container elementor-column-gap-no\">\n\t\t\t\t\t<div class=\"elementor-column elementor-col-100 elementor-top-column elementor-element elementor-element-d948ef8\" data-id=\"d948ef8\" data-element_type=\"column\" data-e-type=\"column\">\n\t\t\t<div class=\"elementor-widget-wrap elementor-element-populated\">\n\t\t\t\t\t\t<section class=\"elementor-section elementor-inner-section elementor-element elementor-element-6a6a15f elementor-section-boxed elementor-section-height-default elementor-section-height-default\" data-id=\"6a6a15f\" data-element_type=\"section\" data-e-type=\"section\">\n\t\t\t\t\t\t<div class=\"elementor-container elementor-column-gap-default\">\n\t\t\t\t\t<div class=\"elementor-column elementor-col-50 elementor-inner-column elementor-element elementor-element-d9aa51f\" data-id=\"d9aa51f\" data-element_type=\"column\" data-e-type=\"column\">\n\t\t\t<div class=\"elementor-widget-wrap elementor-element-populated\">\n\t\t\t\t\t\t<div class=\"elementor-element elementor-element-3366647 elementor-widget elementor-widget-heading\" data-id=\"3366647\" data-element_type=\"widget\" data-e-type=\"widget\" data-widget_type=\"heading.default\">\n\t\t\t\t<div class=\"elementor-widget-container\">\n\t\t\t\t\t<h5 class=\"elementor-heading-title elementor-size-default\">EasyFiscal<\/h5>\t\t\t\t<\/div>\n\t\t\t\t<\/div>\n\t\t\t\t<div class=\"elementor-element elementor-element-e478188 elementor-invisible elementor-widget elementor-widget-image\" data-id=\"e478188\" data-element_type=\"widget\" data-e-type=\"widget\" data-settings=\"{&quot;_animation&quot;:&quot;fadeIn&quot;}\" data-widget_type=\"image.default\">\n\t\t\t\t<div class=\"elementor-widget-container\">\n\t\t\t\t\t\t\t\t\t\t\t\t\t\t\t\t<a href=\"https:\/\/www.datiincloud.it\/wp-content\/uploads\/2019\/01\/EasyFiscal1.jpg\" data-elementor-open-lightbox=\"yes\" data-elementor-lightbox-title=\"EasyFiscal1\" data-e-action-hash=\"#elementor-action%3Aaction%3Dlightbox%26settings%3DeyJpZCI6MjAxNzMsInVybCI6Imh0dHBzOlwvXC93d3cuZGF0aWluY2xvdWQuaXRcL3dwLWNvbnRlbnRcL3VwbG9hZHNcLzIwMTlcLzAxXC9FYXN5RmlzY2FsMS5qcGcifQ%3D%3D\">\n\t\t\t\t\t\t\t<img fetchpriority=\"high\" decoding=\"async\" width=\"729\" height=\"546\" src=\"https:\/\/www.datiincloud.it\/wp-content\/uploads\/2019\/01\/EasyFiscal1.jpg\" class=\"attachment-large size-large wp-image-20173\" alt=\"\" srcset=\"https:\/\/www.datiincloud.it\/wp-content\/uploads\/2019\/01\/EasyFiscal1.jpg 729w, https:\/\/www.datiincloud.it\/wp-content\/uploads\/2019\/01\/EasyFiscal1-300x225.jpg 300w\" sizes=\"(max-width: 729px) 100vw, 729px\" \/>\t\t\t\t\t\t\t\t<\/a>\n\t\t\t\t\t\t\t\t\t\t\t\t\t\t\t<\/div>\n\t\t\t\t<\/div>\n\t\t\t\t<div class=\"elementor-element elementor-element-a05b739 elementor-widget elementor-widget-text-editor\" data-id=\"a05b739\" data-element_type=\"widget\" data-e-type=\"widget\" data-widget_type=\"text-editor.default\">\n\t\t\t\t<div class=\"elementor-widget-container\">\n\t\t\t\t\t\t\t\t\t<p><span style=\"color: #343a40;\"><strong><span style=\"text-decoration: underline;\">Struttura:<\/span><\/strong><\/span><\/p><p>La struttura di <span style=\"color: #343a40;\">Easy Fiscal<\/span> \u00e8 semplice e intuitiva, ogni funzionalit\u00e0 \u00e8 visibile e rintracciabile in qualunque momento grazie all&#8217;interfaccia grafica amichevole completamente integrata con le pi\u00f9 recenti tecnologie di Microsoft Windows.<br \/>L&#8217;aspetto \u00e8 di tipo standard e l&#8217;apprendimento risulta semplice e veloce, anche grazie alla strutturazione in sezioni e viste riconducibile sia a livello visuale che operativo a Gestione Risorse di Windows.<br \/>Le funzioni di stampa e di anteprima sono semplici da richiamare, si attivano automaticamente in relazione alla fase operativa correntemente in corso.<\/p>\t\t\t\t\t\t\t\t<\/div>\n\t\t\t\t<\/div>\n\t\t\t\t<div class=\"elementor-element elementor-element-6f930d1 elementor-widget elementor-widget-image\" data-id=\"6f930d1\" data-element_type=\"widget\" data-e-type=\"widget\" data-widget_type=\"image.default\">\n\t\t\t\t<div class=\"elementor-widget-container\">\n\t\t\t\t\t\t\t\t\t\t\t\t\t\t\t\t<a href=\"https:\/\/www.datiincloud.it\/wp-content\/uploads\/2019\/02\/EasyFiscal2-1.jpg\" data-elementor-open-lightbox=\"yes\" data-elementor-lightbox-title=\"EasyFiscal2\" data-e-action-hash=\"#elementor-action%3Aaction%3Dlightbox%26settings%3DeyJpZCI6MjA1MDIsInVybCI6Imh0dHBzOlwvXC93d3cuZGF0aWluY2xvdWQuaXRcL3dwLWNvbnRlbnRcL3VwbG9hZHNcLzIwMTlcLzAyXC9FYXN5RmlzY2FsMi0xLmpwZyJ9\">\n\t\t\t\t\t\t\t<img decoding=\"async\" width=\"747\" height=\"503\" src=\"https:\/\/www.datiincloud.it\/wp-content\/uploads\/2019\/02\/EasyFiscal2-1.jpg\" class=\"attachment-large size-large wp-image-20502\" alt=\"\" srcset=\"https:\/\/www.datiincloud.it\/wp-content\/uploads\/2019\/02\/EasyFiscal2-1.jpg 747w, https:\/\/www.datiincloud.it\/wp-content\/uploads\/2019\/02\/EasyFiscal2-1-300x202.jpg 300w, https:\/\/www.datiincloud.it\/wp-content\/uploads\/2019\/02\/EasyFiscal2-1-272x182.jpg 272w\" sizes=\"(max-width: 747px) 100vw, 747px\" \/>\t\t\t\t\t\t\t\t<\/a>\n\t\t\t\t\t\t\t\t\t\t\t\t\t\t\t<\/div>\n\t\t\t\t<\/div>\n\t\t\t\t<div class=\"elementor-element elementor-element-fbb5eb3 elementor-widget elementor-widget-text-editor\" data-id=\"fbb5eb3\" data-element_type=\"widget\" data-e-type=\"widget\" data-widget_type=\"text-editor.default\">\n\t\t\t\t<div class=\"elementor-widget-container\">\n\t\t\t\t\t\t\t\t\t<p>La gestione della base dati \u00e8 completamente integrata e sono possibili tutti i tipi di ricerca e ordinamento in modo facile e veloce. Mediante varie funzioni e utilit\u00e0 si possono esportare i dati in vari formati (testo, HTML, XML, etc.) da qualsiasi sezione dell&#8217;applicazione. Inoltre, grazie all&#8217;utilizzo della tecnologia di accesso ai dati universale di Microsoft, \u00e8 possibile richiedere l&#8217;installazione delle informazioni in qualsiasi tipo di database (Access, SQL Server, Oracle, etc.).<\/p>\n<p><strong><span style=\"text-decoration: underline; color: #343a40;\">Caratteristiche e Implementazioni:<\/span><\/strong><\/p>\n<ul>\n<li><span style=\"font-size: 12pt;\">Supporto multiutenza per la condivisione dell&#8217;archivio in rere tra pi\u00f9 postazioni (attivabile);<\/span><\/li>\n<li>Supporto nativo per il controllo di integrit\u00e0 referenziale dei dati anche a livello applicativo;<\/li>\n<li>Supporto per qualsiasi registratore di cassa (attivabile, implementabile);<\/li>\n<li>Supporto integrato dei lettori di codice a barre di tipo seriale completamente configurabile;<\/li>\n<li>Supporto per la migrazione dati da altri formati completamente configurabile (Oracle, SQL Server, etc.) per l&#8217;acquisizione degli archivi esistenti (attivabile);<\/li>\n<li>Supporto per l&#8217;acquisizione personalizzata da altri software (Next Shop, Team System, DrGlass, etc.) preesistenti (attivabile, implementabile);<\/li>\n<li>Supporto per l&#8217;esportazione dei dati in formato testo personalizzabile (attivabile);<\/li>\n<li>Supporto Servizi in Linea per la pubblicazione e acquisizione dati con procedure automatizzate e configurabili mediante codice script e Microsoft Internet Explorer integrato (implementabile,attivabile);<\/li>\n<li>Completa scalabilit\u00e0 a livello applicativo:<br>Pubblicazione e sincronizzazione dati su internet mediante la realizzazione di siti dinamici personalizzati (implementabile);<br>Struttura della base dati estendibile e modificabile per eventuali personalizzazioni (implementabile);<br>Funzionalit\u00e0 applicative completamente estendibili e modificabili per eventuali personalizzazioni (implementabile).<\/li>\n<li>Scalabilit\u00e0 della base dati:<br>Struttura unica e portabile per qualsiasi base dati relazionale, si basa sulla tecnologia proprietaria OODBMS Library (Object Oriented DBMS) ideata e sviluppata da LogiCode Srl ;<br>Supporto nativo per tutti i tipi di gestori di database (Oracle, SQL Server, etc.) mediante la tecnologia Microsoft ADO (attivabile);<\/li>\n<\/ul>\n<p><span style=\"font-size: 10pt;\"><a href=\"https:\/\/cloud.logicode.it\/tabella-delle-funzionalita\/\"><img decoding=\"async\" class=\"alignnone wp-image-20749\" src=\"http:\/\/cloud.logicode.it\/wp-content\/uploads\/2019\/02\/external-link.png\" alt=\"\" width=\"20\" height=\"20\">&nbsp;TABELLA COMPARATIVA<\/a><\/span><\/p>\n<p><span style=\"font-size: 10pt;\"><a href=\"https:\/\/cloud.logicode.it\/versioni-dimostrative-licenze\/\">&nbsp;<img loading=\"lazy\" decoding=\"async\" class=\"alignnone wp-image-20640\" src=\"http:\/\/cloud.logicode.it\/wp-content\/uploads\/2019\/02\/download-300x300.png\" alt=\"\" width=\"20\" height=\"20\" srcset=\"https:\/\/www.datiincloud.it\/wp-content\/uploads\/2019\/02\/download-300x300.png 300w, https:\/\/www.datiincloud.it\/wp-content\/uploads\/2019\/02\/download-150x150.png 150w, https:\/\/www.datiincloud.it\/wp-content\/uploads\/2019\/02\/download.png 512w\" sizes=\"(max-width: 20px) 100vw, 20px\" \/>&nbsp;SCARICA LA VERSIONE DIMOSTRATIVA<\/a><\/span><\/p>\t\t\t\t\t\t\t\t<\/div>\n\t\t\t\t<\/div>\n\t\t\t\t\t<\/div>\n\t\t<\/div>\n\t\t\t\t<div class=\"elementor-column elementor-col-50 elementor-inner-column elementor-element elementor-element-443cc5e\" data-id=\"443cc5e\" data-element_type=\"column\" data-e-type=\"column\">\n\t\t\t<div class=\"elementor-widget-wrap elementor-element-populated\">\n\t\t\t\t\t\t<div class=\"elementor-element elementor-element-685528e elementor-widget elementor-widget-spacer\" data-id=\"685528e\" data-element_type=\"widget\" data-e-type=\"widget\" data-widget_type=\"spacer.default\">\n\t\t\t\t<div class=\"elementor-widget-container\">\n\t\t\t\t\t\t\t<div class=\"elementor-spacer\">\n\t\t\t<div class=\"elementor-spacer-inner\"><\/div>\n\t\t<\/div>\n\t\t\t\t\t\t<\/div>\n\t\t\t\t<\/div>\n\t\t\t\t<div class=\"elementor-element elementor-element-6a335ce elementor-widget elementor-widget-text-editor\" data-id=\"6a335ce\" data-element_type=\"widget\" data-e-type=\"widget\" data-widget_type=\"text-editor.default\">\n\t\t\t\t<div class=\"elementor-widget-container\">\n\t\t\t\t\t\t\t\t\t<strong><span style=\"text-decoration: underline; color: #343a40;\">Introduzione:<\/span><\/strong>\n\n<span style=\"color: #343a40;\">Easy Fiscal<\/span> gestisce tutte le operazioni necessarie per le attivit\u00e0 di vendita medio piccole, comprende la gestione completa delle Forniture, Vendite, Preventivi, Ordini, Trasporti e Pagamenti.\n\nTutte le funzionalit\u00e0 di base possono essere facilmente estese a seconda delle esigenze aziendali mediante semplici implementazioni della\u00a0 struttura applicativa, inoltre grazie alla sua natura modulare <span style=\"color: #343a40;\">Easy Fiscal<\/span> pu\u00f2 essere interfacciato con fonti di dati (database) esterne e con periferiche aggiuntive come Registratori di cassa, lettori codici a barre, etc.\n<span style=\"color: #343a40;\">Easy Fiscal<\/span> \u00e8 particolarmente indicato per tutte le attivit\u00e0 di gestione magazzino e vendita (medio piccole) anche al dettaglio che gestiscono in tempo reale la situazione delle scorte, scadenze, pagamenti e la generazione dei report di vendita (ricevute, compreso gli scontrini fiscali) permettendo una semplicit\u00e0 di utilizzo unica nel suo genere.\nTutte le funzioni sono state semplificate al massimo e sono di facile apprendimento grazie all&#8217;interfaccia unificata nelle varie maschere, quindi l&#8217;emissione di fatture, documenti di trasporto, preventivi etc. risulta semplice e veloce anche nelle situazioni pi\u00f9 complesse. La generazione dei pagamenti avviene automaticamente durante la conferma delle vendite e delle forniture, la gestione inoltre risulta semplice e immediata grazie alle funzioni di interrogazione e variazione delle scadenze e degli insoluti. Similmente, nel mondo dei giochi online, <a href=\"https:\/\/wazambaa.it\/\"style=\"color:inherit\">wazamba casino<\/a> offre un&#8217;interfaccia utente intuitiva che permette una navigazione facile e un&#8217;esperienza di gioco senza interruzioni.\nLa contabilit\u00e0 integrata del pacchetto di base comprende la generazione automatica della prima nota (partita doppia) dai pagamenti in relazione ai tipi documento (oppure manuale), tali funzioni sono peraltro estendibili su richiesta in relazione alle proprie esigenze.\nDa segnalare inoltre la possibilit\u00e0 di gestire prodotti liberi (no magazzino) da tutte le funzioni (Forniture, Vendite, Trasporti, Ordini) per la movimentazione di articoli temporanei o di servizi.\n\n<strong><span style=\"text-decoration: underline; color: #343a40;\">Funzionalit\u00e0:<\/span><\/strong>\n<ul>\n \t<li>Gestione Forniture e Vendite con Carico\/Scarico automatico;<\/li>\n \t<li>Gestione Trasporti, Ordini e Preventivi con funzioni di caricamento dati nei passaggi correlati ed evasione automatica delle operazione completate;<\/li>\n \t<li>Gestione estesa e automatizzata dei Pagamenti \/ Acquisti, generazione delle scadenze in relazione ai tipi pagamento (completamente configurabili);<\/li>\n \t<li>Gestione immediata delle scadenze per la registrazione dei pagamenti integrata anche con la prima nota;<\/li>\n \t<li>Gestione completa delle anagrafiche Articoli, Clienti, Fornitori e Vettori;<\/li>\n \t<li>Gestione completa dei prodotti NO MAGAZZINO (per servizi, articoli temporanei);<\/li>\n \t<li>Funzione di generazione periodica delle fatture dai documenti di trasporto;<\/li>\n \t<li>Numero illimitato di Articoli, Clienti, Fornitori etc.;<\/li>\n \t<li>Gestione lettori codici a barre di tipo seriale o emulazione tastiera (sia da tavolo che pistola), supporta anche i lettori con memoria (seriali) con filtro di acquisizione configurabile (mediate script)<\/li>\n \t<li>Gestione immagini per articolo, con possibilit\u00e0 di creare cataloghi per ogni elemento;<\/li>\n \t<li>Stampa scontrini fiscali e non-fiscali con possibilit\u00e0 di condivisione del registratore di cassa tra pi\u00f9 postazioni;<\/li>\n \t<li>Stampa ricevute\/fatture\/bolle\/ordini ed etichette completamente personalizzabili;<\/li>\n \t<li>Stampe di riepilogo immediate per gli articoli (venduti, sottoscorta, inventario, imponibile, etc.) per vendite, forniture, clienti e fornitori (con funzioni integrate di filtro).<\/li>\n \t<li>Stampa immediata delle vendite con informazioni sui costi e guadagni.<\/li>\n \t<li>Gestione Backup\/Restore automatico e scarico periodico dei movimenti, con notifiche attivabili;<\/li>\n \t<li>Gestione manutenzione dati mediante spostamento\/ripristino automatico dell&#8217;archivio con altre postazioni di lavoro;<\/li>\n \t<li>Ricerca veloce degli articoli e funzioni integrate di ricerca e filtro per tutte le tabelle dati;<\/li>\n \t<li>Impostazione rapida del periodo interessato per l&#8217;interrogazione immediata dei i dati che prevedono una data sensibile;<\/li>\n \t<li>Esportazione dei dati in diversi formati (Txt, Html, Xml, ADTG, MDB) con funzioni di pubblicazione veloce su Internet Browser;<\/li>\n \t<li>Esportazione \/ Importazione di tutti i dati attraverso la struttura Easy Access (in formato MDB);<\/li>\n \t<li>Migrazione dati integrata per l&#8217;acquisizione dell&#8217;archivio iniziale da altre applicazioni esistenti (Next Shop, Team System, DrGlass, etc.)<\/li>\n \t<li>Modulo di integrazione con EasyCommition per l&#8217;importazione dei D.D.T. dalle commesse chiuse.<\/li>\n<\/ul>\t\t\t\t\t\t\t\t<\/div>\n\t\t\t\t<\/div>\n\t\t\t\t\t<\/div>\n\t\t<\/div>\n\t\t\t\t\t<\/div>\n\t\t<\/section>\n\t\t\t\t\t<\/div>\n\t\t<\/div>\n\t\t\t\t\t<\/div>\n\t\t<\/section>\n\t\t\t\t<\/div>\n\t\t","protected":false},"excerpt":{"rendered":"<p>EasyFiscal Struttura: La struttura di Easy Fiscal \u00e8 semplice e intuitiva, ogni funzionalit\u00e0 \u00e8 visibile e rintracciabile in qualunque momento grazie all&#8217;interfaccia grafica amichevole completamente integrata con le pi\u00f9 recenti tecnologie di Microsoft Windows.L&#8217;aspetto \u00e8 di tipo standard e l&#8217;apprendimento risulta semplice e veloce, anche grazie alla strutturazione in sezioni e viste riconducibile sia a [&hellip;]<\/p>\n","protected":false},"author":1,"featured_media":0,"parent":0,"menu_order":0,"comment_status":"closed","ping_status":"closed","template":"elementor_header_footer","meta":{"footnotes":""},"class_list":["post-1169","page","type-page","status-publish","hentry"],"_links":{"self":[{"href":"https:\/\/www.datiincloud.it\/index.php?rest_route=\/wp\/v2\/pages\/1169","targetHints":{"allow":["GET"]}}],"collection":[{"href":"https:\/\/www.datiincloud.it\/index.php?rest_route=\/wp\/v2\/pages"}],"about":[{"href":"https:\/\/www.datiincloud.it\/index.php?rest_route=\/wp\/v2\/types\/page"}],"author":[{"embeddable":true,"href":"https:\/\/www.datiincloud.it\/index.php?rest_route=\/wp\/v2\/users\/1"}],"replies":[{"embeddable":true,"href":"https:\/\/www.datiincloud.it\/index.php?rest_route=%2Fwp%2Fv2%2Fcomments&post=1169"}],"version-history":[{"count":101,"href":"https:\/\/www.datiincloud.it\/index.php?rest_route=\/wp\/v2\/pages\/1169\/revisions"}],"predecessor-version":[{"id":29262,"href":"https:\/\/www.datiincloud.it\/index.php?rest_route=\/wp\/v2\/pages\/1169\/revisions\/29262"}],"wp:attachment":[{"href":"https:\/\/www.datiincloud.it\/index.php?rest_route=%2Fwp%2Fv2%2Fmedia&parent=1169"}],"curies":[{"name":"wp","href":"https:\/\/api.w.org\/{rel}","templated":true}]}}