{"id":1324,"date":"2019-01-07T16:06:44","date_gmt":"2019-01-07T15:06:44","guid":{"rendered":"http:\/\/cloud.logicode.it\/?page_id=1324"},"modified":"2021-12-07T16:12:23","modified_gmt":"2021-12-07T15:12:23","slug":"privacypolicy","status":"publish","type":"page","link":"https:\/\/www.datiincloud.it\/?page_id=1324","title":{"rendered":"Privacy Policy"},"content":{"rendered":"\t\t<div data-elementor-type=\"wp-post\" data-elementor-id=\"1324\" class=\"elementor elementor-1324\" data-elementor-post-type=\"page\">\n\t\t\t\t\t\t<section class=\"elementor-section elementor-top-section elementor-element elementor-element-80d7d04 elementor-section-boxed elementor-section-height-default elementor-section-height-default\" data-id=\"80d7d04\" data-element_type=\"section\" data-e-type=\"section\">\n\t\t\t\t\t\t<div class=\"elementor-container elementor-column-gap-default\">\n\t\t\t\t\t<div class=\"elementor-column elementor-col-100 elementor-top-column elementor-element elementor-element-8f9ba1f\" data-id=\"8f9ba1f\" data-element_type=\"column\" data-e-type=\"column\">\n\t\t\t<div class=\"elementor-widget-wrap elementor-element-populated\">\n\t\t\t\t\t\t<div class=\"elementor-element elementor-element-22b4603 elementor-widget elementor-widget-spacer\" data-id=\"22b4603\" data-element_type=\"widget\" data-e-type=\"widget\" data-widget_type=\"spacer.default\">\n\t\t\t\t<div class=\"elementor-widget-container\">\n\t\t\t\t\t\t\t<div class=\"elementor-spacer\">\n\t\t\t<div class=\"elementor-spacer-inner\"><\/div>\n\t\t<\/div>\n\t\t\t\t\t\t<\/div>\n\t\t\t\t<\/div>\n\t\t\t\t<div class=\"elementor-element elementor-element-384a853 elementor-widget elementor-widget-heading\" data-id=\"384a853\" data-element_type=\"widget\" data-e-type=\"widget\" data-widget_type=\"heading.default\">\n\t\t\t\t<div class=\"elementor-widget-container\">\n\t\t\t\t\t<h5 class=\"elementor-heading-title elementor-size-default\">Privacy Policy<\/h5>\t\t\t\t<\/div>\n\t\t\t\t<\/div>\n\t\t\t\t<div class=\"elementor-element elementor-element-31cc643 elementor-widget elementor-widget-text-editor\" data-id=\"31cc643\" data-element_type=\"widget\" data-e-type=\"widget\" data-widget_type=\"text-editor.default\">\n\t\t\t\t<div class=\"elementor-widget-container\">\n\t\t\t\t\t\t\t\t\t<p>Ai sensi dell\u2019art. 13 del Regolamento UE 2016\/679 del Parlamento europeo e del Consiglio, del 27 aprile 2016, relativo alla protezione delle persone fisiche con riguardo al trattamento dei dati personali, nonch\u00e9 alla libera circolazione di tali dati (di seguito \u201cRegolamento\u201d), La informiamo che il Titolare del trattamento dei dati da Lei forniti \u00e8 Logicode S.r.l. (di seguito \u201cLogicode\u201d) con sede in Arezzo (AR), Via Marco Perennio 30, Codice Fiscale e P. IVA 01682520513.<\/p>\n<p><strong><span style=\"color: #343a40;\">Dati di navigazione<\/span><\/strong><\/p>\n<p>I sistemi informatici e i programmi informatici utilizzati per il funzionamento del sito raccolgono alcuni dati personali la cui trasmissione \u00e8 implicita nell\u2019uso dei protocolli di comunicazione di Internet (es. indirizzi IP o nomi a dominio dei computer utilizzati dagli utenti che si connettono al sito, gli indirizzi URI -Uniform Resource Identifier \u2013 delle risorse richieste, orario della richiesta, metodo utilizzato nel sottoporre la richiesta al server, dimensione del file ottenuto in risposta, codice numerico circa lo stato della risposta resa dal server \u2013 buon fine, errore, ecc.- ed altri parametri relativi al sistema operativo e all\u2019ambiente informatico dell\u2019utente). Bench\u00e9 si tratti di informazioni che non sono raccolte per essere associate a interessati identificati, per loro natura potrebbero, attraverso elaborazioni ed associazioni con dati detenuti da terzi, consentire di identificare gli utenti.<\/p>\n<p>Tali dati sono utilizzati al solo fine di ricavare informazioni statistiche non associate ad alcun dato identificativo dell\u2019utente sull\u2019uso del sito e per controllarne il corretto funzionamento e vengono cancellati immediatamente dopo l\u2019elaborazione. I dati potrebbero essere utilizzati per l\u2019accertamento di responsabilit\u00e0 in caso di ipotetici reati informatici ai danni del Sito.<\/p>\n<p><strong><span style=\"color: #343a40;\">Dati forniti volontariamente dall&#8217;utente<\/span><\/strong><\/p>\n<p>Il trattamento dei dati avviene con procedure, strumenti tecnici e informatici idonei a tutelare la riservatezza e la sicurezza dei Suoi dati e consiste nella loro raccolta, registrazione, organizzazione, conservazione, consultazione, elaborazione, modificazione, selezione, estrazione, raffronto, utilizzo, interconnessione, blocco, comunicazione, diffusione, cancellazione, distruzione degli stessi comprese la combinazione di due o pi\u00f9 delle attivit\u00e0 suddette.<\/p>\n<p>Ove applicabile, i Suoi dati verranno trattati<\/p>\n<ol>\n<li><strong>a) per finalit\u00e0 essenziali quali:<\/strong><\/li>\n<li><strong>la creazione e gestione del Suo Account e della sicurezza, in caso di eventuale registrazione;<\/strong><\/li>\n<li><strong>il corretto adempimento degli obblighi previsti dalla legge;<\/strong><\/li>\n<li><strong>per dare seguito a Sue eventuali richieste a Logicode, ad esempio con l\u2019invio spontaneo di messaggi di posta elettronica o tradizionale ai recapiti di Logicode indicati sul sito che comportano la successiva acquisizione dell\u2019indirizzo, anche e-mail, del mittente o della relativa numerazione telefonica necessari per rispondere alle richieste, nonch\u00e9 di eventuali altri dati personali inseriti nelle relative comunicazioni.<\/strong><\/li>\n<\/ol>\n<p>Per il trattamento dei dati per le finalit\u00e0 di cui alla lett. a) punti 1 e 3, non occorre il Suo consenso poich\u00e9 il trattamento \u00e8 necessario all\u2019esecuzione di un contratto di cui Lei \u00e8 parte o all\u2019esecuzione di misure precontrattuali adottate su Sua richiesta (art. 6, comma 1, lett. b) del Regolamento).<\/p>\n<p>Per il trattamento dei dati per la finalit\u00e0 di cui alla lett. a) punto 2, non occorre il Suo consenso poich\u00e9 il trattamento \u00e8 necessario per adempiere un obbligo legale (art. 6, comma 1, lett. a) del Regolamento).<\/p>\n<ol>\n<li><strong>b)&nbsp;Previo Suo consenso, per finalit\u00e0 di marketing, mediante l\u2019invio di via posta, e-mail, SMS, social network, notifiche push, fax e telefono, newsletter e comunicazioni\/offerte commerciali da parte di Logicode. e\/o di altre societ\u00e0 terze designate e per analisi statistiche, sondaggi e indagini di mercato relative ai loro prodotti.<\/strong><\/li>\n<\/ol>\n<p>I dati non saranno utilizzati in nessun caso a fini di analisi statistiche, sondaggi, indagini di mercato relative ai prodotti, n\u00e9 per finalit\u00e0 di profilazione, ivi incluso a mero titolo esemplificativo il trattamento dei dati relativi alle proprie scelte, abitudini e preferenze di acquisto.<\/p>\n<p>Per la consultazione delle pagine pubbliche di questo sito non \u00e8 richiesto alcun conferimento di dati personali da parte degli utenti. Il conferimento dei dati personali per le finalit\u00e0 di cui al punto a) \u00e8 facoltativo; tuttavia il mancato conferimento dei dati necessari (contrassegnati come tali, se applicabile, nei moduli di registrazione) rende impossibile portare a termine il processo di registrazione o fruire del relativo servizio. Il conferimento di eventuali dati facoltativi \u00e8 del tutto libero e non pregiudica la fruizione dei servizi.<\/p>\n<p>I dati sono conservati per il tempo strettamente necessario a fornire il servizio richiesto o previsto per legge (ad esempio, in caso di trattamento dei dati per finalit\u00e0 di marketing, conservazione dei dati per il tempo massimo previsto dalla normativa, 24 mesi per la finalit\u00e0 di cui al punto b) e successivamente eliminati, salvo ulteriori obblighi di conservazione previsti dalla legge.<\/p>\n<p>L\u2019acquisizione del consenso al trattamento dei dati personali non \u00e8 necessaria per le finalit\u00e0 di cui alla lettera a.1, a.2 e a.3 e per tutti i trattamenti che siano comunque connessi e\/o necessari per adempiere ad un obbligo previsto dalla legge, da un regolamento o dalla normativa comunitaria o per eseguire obblighi derivanti da un contratto del quale Lei \u00e8 parte o per adempiere, prima della conclusione del contratto, a specifiche Sue richieste. E\u2019 invece del tutto facoltativo e non obbligatorio il consenso al trattamento dei dati personali per le finalit\u00e0 di cui alla lettera b) della presente informativa; in caso di mancato consenso per la finalit\u00e0 di cui alla lettera b) Logicode non potr\u00e0 tenerLa aggiornata in merito alle nuove offerte e promozioni.<\/p>\n<p>Potr\u00e0 revocare in qualsiasi momento uno o pi\u00f9 dei consensi resi, o modificare i canali di contatto, rivolgendosi a Logicode nei modi sotto indicati.<\/p>\n<p>I Suoi dati personali saranno trattati esclusivamente da personale autorizzato da Logicode o dei suoi fornitori esterni nominati responsabili del trattamento.<\/p>\n<p>Nell\u2019ambito della sua attivit\u00e0 e per le finalit\u00e0 sopra indicate Logicode potr\u00e0 avvalersi di servizi resi da soggetti terzi che operano per conto di Logicode e secondo le sue istruzioni, quali responsabili del trattamento. Si tratta di soggetti che forniscono a Logicode servizi elaborativi o strumentali (es. servizi informatici per il funzionamento del sito, emailing). Potr\u00e0 richiedere un elenco completo e aggiornato dei soggetti nominati responsabili del trattamento rivolgendosi ad uno dei contatti sotto indicati. I dati non saranno comunicati o ceduti a terzi.<\/p>\n<p>I dati sono conservati su server ubicati in Italia. Resta in ogni caso inteso che il Titolare, ove si rendesse necessario avr\u00e0 facolt\u00e0 di spostare i server anche extra-UE. In tal caso il Titolare assicura sin da ora che il trasferimento dei dati extra-UE avverr\u00e0 in conformit\u00e0 alle disposizioni di legge applicabili.<\/p>\n<p>Avr\u00e0 facolt\u00e0, in qualsiasi momento, di esercitare i diritti previsti dalla normativa vigente, inviando specifica richiesta Logicode S.r.l., Via Marco Perennio 30, \u2013 52100 Arezzo (AR), email info@logicode.it, ivi incluso il diritto di:<\/p>\n<ul>\n<li>ricevere conferma dell\u2019esistenza dei suoi dati personali e accedere al loro contenuto;<\/li>\n<li>aggiornare, modificare e\/o correggere i suoi dati personali;<\/li>\n<li>chiederne la cancellazione, la trasformazione in forma anonima, il blocco dei dati trattati in violazione di legge o la limitazione del trattamento;<\/li>\n<li>opporsi per motivi legittimi al trattamento;<\/li>\n<li>opporsi al trattamento di dati a fini di invio di materiale pubblicitario o di vendita diretta o per il compimento di ricerche di mercato o di comunicazione commerciale;<\/li>\n<li>revocare il consenso, ove prestato, senza pregiudizio per la liceit\u00e0 del trattamento basata sul consenso prestato prima della revoca;<\/li>\n<li>ricevere copia dei dati da lei forniti e chiedere che tali dati siano trasmessi ad un altro titolare del trattamento.<\/li>\n<\/ul>\n<p><strong><span style=\"color: #343a40;\">COOKIE<\/span><\/strong><\/p>\n<p>Per informazioni riguardanti l\u2019utilizzo dei cookie attraverso il presente sito si prega di leggere la <strong><a href=\"https:\/\/www.datiincloud.it\/?page_id=1386\">cookie policy<\/a><\/strong>.<\/p>\t\t\t\t\t\t\t\t<\/div>\n\t\t\t\t<\/div>\n\t\t\t\t\t<\/div>\n\t\t<\/div>\n\t\t\t\t\t<\/div>\n\t\t<\/section>\n\t\t\t\t<\/div>\n\t\t","protected":false},"excerpt":{"rendered":"<p>Privacy Policy Ai sensi dell\u2019art. 13 del Regolamento UE 2016\/679 del Parlamento europeo e del Consiglio, del 27 aprile 2016, relativo alla protezione delle persone fisiche con riguardo al trattamento dei dati personali, nonch\u00e9 alla libera circolazione di tali dati (di seguito \u201cRegolamento\u201d), La informiamo che il Titolare del trattamento dei dati da Lei forniti [&hellip;]<\/p>\n","protected":false},"author":1,"featured_media":0,"parent":0,"menu_order":0,"comment_status":"closed","ping_status":"closed","template":"elementor_header_footer","meta":{"footnotes":""},"class_list":["post-1324","page","type-page","status-publish","hentry"],"_links":{"self":[{"href":"https:\/\/www.datiincloud.it\/index.php?rest_route=\/wp\/v2\/pages\/1324","targetHints":{"allow":["GET"]}}],"collection":[{"href":"https:\/\/www.datiincloud.it\/index.php?rest_route=\/wp\/v2\/pages"}],"about":[{"href":"https:\/\/www.datiincloud.it\/index.php?rest_route=\/wp\/v2\/types\/page"}],"author":[{"embeddable":true,"href":"https:\/\/www.datiincloud.it\/index.php?rest_route=\/wp\/v2\/users\/1"}],"replies":[{"embeddable":true,"href":"https:\/\/www.datiincloud.it\/index.php?rest_route=%2Fwp%2Fv2%2Fcomments&post=1324"}],"version-history":[{"count":49,"href":"https:\/\/www.datiincloud.it\/index.php?rest_route=\/wp\/v2\/pages\/1324\/revisions"}],"predecessor-version":[{"id":21881,"href":"https:\/\/www.datiincloud.it\/index.php?rest_route=\/wp\/v2\/pages\/1324\/revisions\/21881"}],"wp:attachment":[{"href":"https:\/\/www.datiincloud.it\/index.php?rest_route=%2Fwp%2Fv2%2Fmedia&parent=1324"}],"curies":[{"name":"wp","href":"https:\/\/api.w.org\/{rel}","templated":true}]}}