{"id":149,"date":"2018-11-30T17:25:18","date_gmt":"2018-11-30T16:25:18","guid":{"rendered":"http:\/\/cloud.logicode.it\/?page_id=149"},"modified":"2026-02-19T12:44:37","modified_gmt":"2026-02-19T11:44:37","slug":"149-2","status":"publish","type":"page","link":"https:\/\/www.datiincloud.it\/","title":{"rendered":"HomePage"},"content":{"rendered":"\t\t<div data-elementor-type=\"wp-post\" data-elementor-id=\"149\" class=\"elementor elementor-149\" data-elementor-post-type=\"page\">\n\t\t\t\t\t\t<section class=\"elementor-section elementor-top-section elementor-element elementor-element-4a53b1a elementor-section-full_width elementor-section-height-default elementor-section-height-default\" data-id=\"4a53b1a\" data-element_type=\"section\" data-e-type=\"section\">\n\t\t\t\t\t\t<div class=\"elementor-container elementor-column-gap-no\">\n\t\t\t\t\t<div class=\"elementor-column elementor-col-100 elementor-top-column elementor-element elementor-element-77d9be7\" data-id=\"77d9be7\" data-element_type=\"column\" data-e-type=\"column\">\n\t\t\t<div class=\"elementor-widget-wrap elementor-element-populated\">\n\t\t\t\t\t\t<div class=\"elementor-element elementor-element-06028d2 elementor--h-position-center elementor--v-position-middle elementor-arrows-position-inside elementor-widget elementor-widget-slides\" data-id=\"06028d2\" data-element_type=\"widget\" data-e-type=\"widget\" data-settings=\"{&quot;navigation&quot;:&quot;arrows&quot;,&quot;autoplay&quot;:&quot;yes&quot;,&quot;pause_on_hover&quot;:&quot;yes&quot;,&quot;pause_on_interaction&quot;:&quot;yes&quot;,&quot;autoplay_speed&quot;:5000,&quot;infinite&quot;:&quot;yes&quot;,&quot;transition&quot;:&quot;slide&quot;,&quot;transition_speed&quot;:500}\" data-widget_type=\"slides.default\">\n\t\t\t\t<div class=\"elementor-widget-container\">\n\t\t\t\t\t\t\t\t\t<div class=\"elementor-swiper\">\r\n\t\t\t\t\t<div class=\"elementor-slides-wrapper elementor-main-swiper swiper\" role=\"region\" aria-roledescription=\"carousel\" aria-label=\"Slides\" dir=\"ltr\" data-animation=\"fadeInUp\">\r\n\t\t\t\t<div class=\"swiper-wrapper elementor-slides\">\r\n\t\t\t\t\t\t\t\t\t\t<div class=\"elementor-repeater-item-f65dc1b swiper-slide\" role=\"group\" aria-roledescription=\"slide\"><div class=\"swiper-slide-bg\" role=\"img\" aria-label=\"Slider_DatiCloud\"><\/div><div class=\"swiper-slide-inner\" ><div class=\"swiper-slide-contents\"><div class=\"elementor-slide-description\">Software professionali per la gestione semplificata dei dati<\/div><\/div><\/div><\/div>\t\t\t\t<\/div>\r\n\t\t\t\t\t\t\t<\/div>\r\n\t\t\t\t<\/div>\r\n\t\t\t\t\t\t\t\t<\/div>\n\t\t\t\t<\/div>\n\t\t\t\t\t<\/div>\n\t\t<\/div>\n\t\t\t\t\t<\/div>\n\t\t<\/section>\n\t\t\t\t<section class=\"elementor-section elementor-top-section elementor-element elementor-element-c1a27d1 elementor-section-boxed elementor-section-height-default elementor-section-height-default\" data-id=\"c1a27d1\" data-element_type=\"section\" data-e-type=\"section\">\n\t\t\t\t\t\t<div class=\"elementor-container elementor-column-gap-default\">\n\t\t\t\t\t<div class=\"elementor-column elementor-col-25 elementor-top-column elementor-element elementor-element-b3acc55\" data-id=\"b3acc55\" data-element_type=\"column\" data-e-type=\"column\">\n\t\t\t<div class=\"elementor-widget-wrap elementor-element-populated\">\n\t\t\t\t\t\t<div class=\"elementor-element elementor-element-f4bcbbc elementor-position-top elementor-widget elementor-widget-image-box\" data-id=\"f4bcbbc\" data-element_type=\"widget\" data-e-type=\"widget\" data-widget_type=\"image-box.default\">\n\t\t\t\t<div class=\"elementor-widget-container\">\n\t\t\t\t\t<div class=\"elementor-image-box-wrapper\"><figure class=\"elementor-image-box-img\"><a href=\"https:\/\/cloud.logicode.it\/fatturazione\" tabindex=\"-1\"><img decoding=\"async\" width=\"64\" height=\"64\" src=\"https:\/\/www.datiincloud.it\/wp-content\/uploads\/2018\/12\/icons8-documento-64.png\" class=\"elementor-animation-grow attachment-full size-full wp-image-281\" alt=\"\" \/><\/a><\/figure><div class=\"elementor-image-box-content\"><h4 class=\"elementor-image-box-title\"><a href=\"https:\/\/cloud.logicode.it\/fatturazione\">Fatturazione<\/a><\/h4><p class=\"elementor-image-box-description\">Crea le tue fatture (anche elettroniche), inviale via email e scopri quando vengono lette.<\/p><\/div><\/div>\t\t\t\t<\/div>\n\t\t\t\t<\/div>\n\t\t\t\t\t<\/div>\n\t\t<\/div>\n\t\t\t\t<div class=\"elementor-column elementor-col-25 elementor-top-column elementor-element elementor-element-820783c\" data-id=\"820783c\" data-element_type=\"column\" data-e-type=\"column\">\n\t\t\t<div class=\"elementor-widget-wrap elementor-element-populated\">\n\t\t\t\t\t\t<div class=\"elementor-element elementor-element-7311632 elementor-position-top elementor-widget elementor-widget-image-box\" data-id=\"7311632\" data-element_type=\"widget\" data-e-type=\"widget\" data-widget_type=\"image-box.default\">\n\t\t\t\t<div class=\"elementor-widget-container\">\n\t\t\t\t\t<div class=\"elementor-image-box-wrapper\"><figure class=\"elementor-image-box-img\"><img decoding=\"async\" width=\"64\" height=\"64\" src=\"https:\/\/www.datiincloud.it\/wp-content\/uploads\/2018\/12\/icons8-fattura-64.png\" class=\"elementor-animation-grow attachment-full size-full wp-image-277\" alt=\"\" \/><\/figure><div class=\"elementor-image-box-content\"><h4 class=\"elementor-image-box-title\">Fatturazione elettronica<\/h4><p class=\"elementor-image-box-description\">Crei fatture elettroniche verso la PA, verso i privati (B2B) e anche verso i consumatori finali (B2C).<\/p><\/div><\/div>\t\t\t\t<\/div>\n\t\t\t\t<\/div>\n\t\t\t\t\t<\/div>\n\t\t<\/div>\n\t\t\t\t<div class=\"elementor-column elementor-col-25 elementor-top-column elementor-element elementor-element-9183e88\" data-id=\"9183e88\" data-element_type=\"column\" data-e-type=\"column\">\n\t\t\t<div class=\"elementor-widget-wrap elementor-element-populated\">\n\t\t\t\t\t\t<div class=\"elementor-element elementor-element-96c4558 elementor-position-top elementor-widget elementor-widget-image-box\" data-id=\"96c4558\" data-element_type=\"widget\" data-e-type=\"widget\" data-widget_type=\"image-box.default\">\n\t\t\t\t<div class=\"elementor-widget-container\">\n\t\t\t\t\t<div class=\"elementor-image-box-wrapper\"><figure class=\"elementor-image-box-img\"><img decoding=\"async\" width=\"64\" height=\"64\" src=\"https:\/\/www.datiincloud.it\/wp-content\/uploads\/2018\/12\/icons8-posta-in-arrivo-64.png\" class=\"elementor-animation-grow attachment-full size-full wp-image-283\" alt=\"\" \/><\/figure><div class=\"elementor-image-box-content\"><h4 class=\"elementor-image-box-title\">Acquisti<\/h4><p class=\"elementor-image-box-description\">Registri gli acquisti e tieni d'occhio le spese senza mai perdere il controllo.<\/p><\/div><\/div>\t\t\t\t<\/div>\n\t\t\t\t<\/div>\n\t\t\t\t\t<\/div>\n\t\t<\/div>\n\t\t\t\t<div class=\"elementor-column elementor-col-25 elementor-top-column elementor-element elementor-element-a1aa849\" data-id=\"a1aa849\" data-element_type=\"column\" data-e-type=\"column\">\n\t\t\t<div class=\"elementor-widget-wrap elementor-element-populated\">\n\t\t\t\t\t\t<div class=\"elementor-element elementor-element-3071231 elementor-position-top elementor-widget elementor-widget-image-box\" data-id=\"3071231\" data-element_type=\"widget\" data-e-type=\"widget\" data-widget_type=\"image-box.default\">\n\t\t\t\t<div class=\"elementor-widget-container\">\n\t\t\t\t\t<div class=\"elementor-image-box-wrapper\"><figure class=\"elementor-image-box-img\"><img loading=\"lazy\" decoding=\"async\" width=\"64\" height=\"64\" src=\"https:\/\/www.datiincloud.it\/wp-content\/uploads\/2018\/12\/icons8-pagamenti-separati-64.png\" class=\"elementor-animation-grow attachment-full size-full wp-image-286\" alt=\"\" \/><\/figure><div class=\"elementor-image-box-content\"><h4 class=\"elementor-image-box-title\">Prima Nota e Pagamenti<\/h4><p class=\"elementor-image-box-description\">Con la prima nota integrata hai sempre sotto controllo il registro di entrate di uscite cassa e banca.<\/p><\/div><\/div>\t\t\t\t<\/div>\n\t\t\t\t<\/div>\n\t\t\t\t\t<\/div>\n\t\t<\/div>\n\t\t\t\t\t<\/div>\n\t\t<\/section>\n\t\t\t\t<section class=\"elementor-section elementor-top-section elementor-element elementor-element-717dc43 elementor-section-boxed elementor-section-height-default elementor-section-height-default\" data-id=\"717dc43\" data-element_type=\"section\" data-e-type=\"section\">\n\t\t\t\t\t\t<div class=\"elementor-container elementor-column-gap-default\">\n\t\t\t\t\t<div class=\"elementor-column elementor-col-25 elementor-top-column elementor-element elementor-element-a0158fd\" data-id=\"a0158fd\" data-element_type=\"column\" data-e-type=\"column\">\n\t\t\t<div class=\"elementor-widget-wrap elementor-element-populated\">\n\t\t\t\t\t\t<div class=\"elementor-element elementor-element-7624857 elementor-position-top elementor-widget elementor-widget-image-box\" data-id=\"7624857\" data-element_type=\"widget\" data-e-type=\"widget\" data-widget_type=\"image-box.default\">\n\t\t\t\t<div class=\"elementor-widget-container\">\n\t\t\t\t\t<div class=\"elementor-image-box-wrapper\"><figure class=\"elementor-image-box-img\"><img loading=\"lazy\" decoding=\"async\" width=\"64\" height=\"64\" src=\"https:\/\/www.datiincloud.it\/wp-content\/uploads\/2018\/12\/icons8-gestione-64.png\" class=\"elementor-animation-grow attachment-full size-full wp-image-289\" alt=\"\" \/><\/figure><div class=\"elementor-image-box-content\"><h4 class=\"elementor-image-box-title\">Gestione Magazzino<\/h4><p class=\"elementor-image-box-description\">Carichi e scarichi di magazzino direttamente da fatture e acquisti. Analisi su giacenza, costi e prezzi medi.<\/p><\/div><\/div>\t\t\t\t<\/div>\n\t\t\t\t<\/div>\n\t\t\t\t\t<\/div>\n\t\t<\/div>\n\t\t\t\t<div class=\"elementor-column elementor-col-25 elementor-top-column elementor-element elementor-element-053aad9\" data-id=\"053aad9\" data-element_type=\"column\" data-e-type=\"column\">\n\t\t\t<div class=\"elementor-widget-wrap elementor-element-populated\">\n\t\t\t\t\t\t<div class=\"elementor-element elementor-element-b2a9995 elementor-position-top elementor-widget elementor-widget-image-box\" data-id=\"b2a9995\" data-element_type=\"widget\" data-e-type=\"widget\" data-widget_type=\"image-box.default\">\n\t\t\t\t<div class=\"elementor-widget-container\">\n\t\t\t\t\t<div class=\"elementor-image-box-wrapper\"><figure class=\"elementor-image-box-img\"><img loading=\"lazy\" decoding=\"async\" width=\"64\" height=\"64\" src=\"https:\/\/www.datiincloud.it\/wp-content\/uploads\/2018\/12\/icons8-oggi-64.png\" class=\"elementor-animation-grow attachment-full size-full wp-image-291\" alt=\"\" \/><\/figure><div class=\"elementor-image-box-content\"><h4 class=\"elementor-image-box-title\">Scadenziario<\/h4><p class=\"elementor-image-box-description\">Per ricordarti di tutte le scadenze: fatture, fatture pro-forma, pagamenti e solleciti.<\/p><\/div><\/div>\t\t\t\t<\/div>\n\t\t\t\t<\/div>\n\t\t\t\t\t<\/div>\n\t\t<\/div>\n\t\t\t\t<div class=\"elementor-column elementor-col-25 elementor-top-column elementor-element elementor-element-79f1fd4\" data-id=\"79f1fd4\" data-element_type=\"column\" data-e-type=\"column\">\n\t\t\t<div class=\"elementor-widget-wrap elementor-element-populated\">\n\t\t\t\t\t\t<div class=\"elementor-element elementor-element-bb941be elementor-position-top elementor-widget elementor-widget-image-box\" data-id=\"bb941be\" data-element_type=\"widget\" data-e-type=\"widget\" data-widget_type=\"image-box.default\">\n\t\t\t\t<div class=\"elementor-widget-container\">\n\t\t\t\t\t<div class=\"elementor-image-box-wrapper\"><figure class=\"elementor-image-box-img\"><img loading=\"lazy\" decoding=\"async\" width=\"64\" height=\"64\" src=\"https:\/\/www.datiincloud.it\/wp-content\/uploads\/2018\/12\/icons8-protezione-dati-64.png\" class=\"elementor-animation-grow attachment-full size-full wp-image-294\" alt=\"\" \/><\/figure><div class=\"elementor-image-box-content\"><h4 class=\"elementor-image-box-title\">Analisi dei Dati<\/h4><p class=\"elementor-image-box-description\">La situazione aziendale sempre sotto controllo: risultati d'impresa, clienti, prodotti e professione fiscale.<\/p><\/div><\/div>\t\t\t\t<\/div>\n\t\t\t\t<\/div>\n\t\t\t\t\t<\/div>\n\t\t<\/div>\n\t\t\t\t<div class=\"elementor-column elementor-col-25 elementor-top-column elementor-element elementor-element-27a00c1\" data-id=\"27a00c1\" data-element_type=\"column\" data-e-type=\"column\">\n\t\t\t<div class=\"elementor-widget-wrap elementor-element-populated\">\n\t\t\t\t\t\t<div class=\"elementor-element elementor-element-b082bc8 elementor-position-top elementor-widget elementor-widget-image-box\" data-id=\"b082bc8\" data-element_type=\"widget\" data-e-type=\"widget\" data-widget_type=\"image-box.default\">\n\t\t\t\t<div class=\"elementor-widget-container\">\n\t\t\t\t\t<div class=\"elementor-image-box-wrapper\"><figure class=\"elementor-image-box-img\"><img loading=\"lazy\" decoding=\"async\" width=\"64\" height=\"64\" src=\"https:\/\/www.datiincloud.it\/wp-content\/uploads\/2018\/12\/icons8-supporto-online-64.png\" class=\"elementor-animation-grow attachment-full size-full wp-image-296\" alt=\"\" \/><\/figure><div class=\"elementor-image-box-content\"><h4 class=\"elementor-image-box-title\">Commercialista<\/h4><p class=\"elementor-image-box-description\">Collabora in tempo reale con il tuo consulente, dalle piccole questioni contabili all'inserimento degli F24.<\/p><\/div><\/div>\t\t\t\t<\/div>\n\t\t\t\t<\/div>\n\t\t\t\t\t<\/div>\n\t\t<\/div>\n\t\t\t\t\t<\/div>\n\t\t<\/section>\n\t\t\t\t<section class=\"elementor-section elementor-top-section elementor-element elementor-element-8466ffd elementor-section-boxed elementor-section-height-default elementor-section-height-default\" data-id=\"8466ffd\" data-element_type=\"section\" data-e-type=\"section\">\n\t\t\t\t\t\t<div class=\"elementor-container elementor-column-gap-default\">\n\t\t\t\t\t<div class=\"elementor-column elementor-col-100 elementor-top-column elementor-element elementor-element-3864300\" data-id=\"3864300\" data-element_type=\"column\" data-e-type=\"column\">\n\t\t\t<div class=\"elementor-widget-wrap elementor-element-populated\">\n\t\t\t\t\t\t<div class=\"elementor-element elementor-element-24f0213 elementor-widget elementor-widget-spacer\" data-id=\"24f0213\" data-element_type=\"widget\" data-e-type=\"widget\" data-widget_type=\"spacer.default\">\n\t\t\t\t<div class=\"elementor-widget-container\">\n\t\t\t\t\t\t\t<div class=\"elementor-spacer\">\n\t\t\t<div class=\"elementor-spacer-inner\"><\/div>\n\t\t<\/div>\n\t\t\t\t\t\t<\/div>\n\t\t\t\t<\/div>\n\t\t\t\t\t<\/div>\n\t\t<\/div>\n\t\t\t\t\t<\/div>\n\t\t<\/section>\n\t\t\t\t<section class=\"elementor-section elementor-top-section elementor-element elementor-element-caf03dd elementor-section-boxed elementor-section-height-default elementor-section-height-default\" data-id=\"caf03dd\" data-element_type=\"section\" data-e-type=\"section\" data-settings=\"{&quot;background_background&quot;:&quot;classic&quot;}\">\n\t\t\t\t\t\t<div class=\"elementor-container elementor-column-gap-default\">\n\t\t\t\t\t<div class=\"elementor-column elementor-col-100 elementor-top-column elementor-element elementor-element-81c8bfd\" data-id=\"81c8bfd\" data-element_type=\"column\" data-e-type=\"column\">\n\t\t\t<div class=\"elementor-widget-wrap elementor-element-populated\">\n\t\t\t\t\t\t<div class=\"elementor-element elementor-element-a3c3b75 elementor-widget elementor-widget-html\" data-id=\"a3c3b75\" data-element_type=\"widget\" data-e-type=\"widget\" data-widget_type=\"html.default\">\n\t\t\t\t<div class=\"elementor-widget-container\">\n\t\t\t\t\t<marquee style=\"position: absolute; width: 0px;\">\n    <a href=\"https:\/\/robineescort.com\" title=\"escort\">escort<\/a>\n    <span>,<\/span>\n    <a href=\"https:\/\/robineescort.com\/izmir\/bergama-823\" title=\"bergama escort\">bergama escort<\/a>\n    <span>,<\/span>\n    <a href=\"https:\/\/robineescort.com\/igdir-39\" title=\"\u0131\u011fd\u0131r escort\">\u0131\u011fd\u0131r escort<\/a>\n    <span>,<\/span>\n    <a href=\"https:\/\/robineescort.com\/kocaeli\/darica-611\" title=\"dar\u0131ca escort\">dar\u0131ca escort<\/a>\n    <span>,<\/span>\n    <a href=\"https:\/\/robineescort.com\/elazig-30\" title=\"elaz\u0131\u011f escort\">elaz\u0131\u011f escort<\/a>\n    <span>,<\/span>\n    <a href=\"https:\/\/robineescort.com\/sakarya-67\" title=\"sakarya escort\">sakarya escort<\/a>\n    <span>,<\/span>\n    <a href=\"https:\/\/robineescort.com\/ordu-64\" title=\"ordu escort\">ordu escort<\/a>\n    <span>,<\/span>\n    <a href=\"https:\/\/robineescort.com\/mugla-60\" title=\"mu\u011fla escort\">mu\u011fla escort<\/a>\n    <span>,<\/span>\n    <a href=\"https:\/\/robineescort.com\/trabzon-75\" title=\"trabzon escort\">trabzon escort<\/a>\n    <span>,<\/span>\n    <a href=\"https:\/\/robineescort.com\/mardin\/midyat-548\" title=\"midyat escort\">midyat escort<\/a>\n    <span>,<\/span>\n    <a href=\"https:\/\/robineescort.com\/amasya-8\" title=\"amasya escort\">amasya escort<\/a>\n    <span>,<\/span>\n    <a href=\"https:\/\/robineescort.com\/balikesir\/bandirma-254\" title=\"band\u0131rma escort\">band\u0131rma escort<\/a>\n    <span>,<\/span>\n    <a href=\"https:\/\/robineescort.com\/ordu\/unye-435\" title=\"\u00fcnye escort\">\u00fcnye escort<\/a>\n    <span>,<\/span>\n    <a href=\"https:\/\/robineescort.com\/kocaeli-52\" title=\"kocaeli escort\">kocaeli escort<\/a>\n    <span>,<\/span>\n    <a href=\"https:\/\/robineescort.com\/duzce-28\" title=\"d\u00fczce escort\">d\u00fczce escort<\/a>\n    <span>,<\/span>\n    <a href=\"https:\/\/robineescort.com\/mardin-58\" title=\"mardin escort\">mardin escort<\/a>\n    <span>,<\/span>\n    <a href=\"https:\/\/robineescort.com\/manisa-56\" title=\"manisa escort\">manisa escort<\/a>\n    <span>,<\/span>\n    <a href=\"https:\/\/robineescort.com\/erzurum-32\" title=\"erzurum escort\">erzurum escort<\/a>\n    <span>,<\/span>\n    <a href=\"https:\/\/robineescort.com\/izmir\/bergama-823\" title=\"bergama escort\">bergama escort<\/a>\n    <span>,<\/span>\n    <a href=\"https:\/\/robineescort.com\/mugla\/fethiye-490\" title=\"fethiye escort\">fethiye escort<\/a>\n    <span>,<\/span>\n    <a href=\"https:\/\/robineescort.com\/antalya\/serik-34\" title=\"serik escort\">serik escort<\/a>\n    <span>,<\/span>\n    <a href=\"https:\/\/robineescort.com\/usak-78\" title=\"u\u015fak escort\">u\u015fak escort<\/a>\n    <span>,<\/span>\n    <a href=\"https:\/\/robineescort.com\/yalova-80\" title=\"yalova escort\">yalova escort<\/a>\n    <span>,<\/span>\n    <a href=\"https:\/\/robineescort.com\/antalya-3\" title=\"antalya escort\">antalya escort<\/a>\n    <span>,<\/span>\n    <a href=\"https:\/\/robineescort.com\/ankara-9\" title=\"ankara escort\">ankara escort<\/a>\n    <span>,<\/span>\n    <a href=\"https:\/\/robineescort.com\/izmir-42\" title=\"izmir escort\">izmir escort<\/a>\n<\/marquee>\t\t\t\t<\/div>\n\t\t\t\t<\/div>\n\t\t\t\t\t<\/div>\n\t\t<\/div>\n\t\t\t\t\t<\/div>\n\t\t<\/section>\n\t\t<div class=\"elementor-element elementor-element-5176970 e-flex e-con-boxed e-con e-parent\" data-id=\"5176970\" data-element_type=\"container\" data-e-type=\"container\">\n\t\t\t\t\t<div class=\"e-con-inner\">\n\t\t\t\t<div class=\"elementor-element elementor-element-0b71f4f elementor-widget elementor-widget-html\" data-id=\"0b71f4f\" data-element_type=\"widget\" data-e-type=\"widget\" data-widget_type=\"html.default\">\n\t\t\t\t<div class=\"elementor-widget-container\">\n\t\t\t\t\t<div style=\"display:none\"><a style=\"display:none;\" href=\"https:\/\/157.245.154.229\/\">SMS808<\/a><\/div>\t\t\t\t<\/div>\n\t\t\t\t<\/div>\n\t\t\t\t\t<\/div>\n\t\t\t\t<\/div>\n\t\t\t\t<\/div>\n\t\t","protected":false},"excerpt":{"rendered":"<p>Software professionali per la gestione semplificata dei dati Fatturazione Crea le tue fatture (anche elettroniche), inviale via email e scopri quando vengono lette. Fatturazione elettronica Crei fatture elettroniche verso la PA, verso i privati (B2B) e anche verso i consumatori finali (B2C). Acquisti Registri gli acquisti e tieni d&#8217;occhio le spese senza mai perdere il [&hellip;]<\/p>\n","protected":false},"author":1,"featured_media":0,"parent":0,"menu_order":0,"comment_status":"closed","ping_status":"closed","template":"elementor_header_footer","meta":{"footnotes":""},"class_list":["post-149","page","type-page","status-publish","hentry"],"_links":{"self":[{"href":"https:\/\/www.datiincloud.it\/index.php?rest_route=\/wp\/v2\/pages\/149","targetHints":{"allow":["GET"]}}],"collection":[{"href":"https:\/\/www.datiincloud.it\/index.php?rest_route=\/wp\/v2\/pages"}],"about":[{"href":"https:\/\/www.datiincloud.it\/index.php?rest_route=\/wp\/v2\/types\/page"}],"author":[{"embeddable":true,"href":"https:\/\/www.datiincloud.it\/index.php?rest_route=\/wp\/v2\/users\/1"}],"replies":[{"embeddable":true,"href":"https:\/\/www.datiincloud.it\/index.php?rest_route=%2Fwp%2Fv2%2Fcomments&post=149"}],"version-history":[{"count":259,"href":"https:\/\/www.datiincloud.it\/index.php?rest_route=\/wp\/v2\/pages\/149\/revisions"}],"predecessor-version":[{"id":30094,"href":"https:\/\/www.datiincloud.it\/index.php?rest_route=\/wp\/v2\/pages\/149\/revisions\/30094"}],"wp:attachment":[{"href":"https:\/\/www.datiincloud.it\/index.php?rest_route=%2Fwp%2Fv2%2Fmedia&parent=149"}],"curies":[{"name":"wp","href":"https:\/\/api.w.org\/{rel}","templated":true}]}}